{"id":782,"date":"2018-11-27T13:51:20","date_gmt":"2018-11-27T12:51:20","guid":{"rendered":"http:\/\/new.nvt.de\/?page_id=782"},"modified":"2018-11-27T15:25:18","modified_gmt":"2018-11-27T14:25:18","slug":"messebau-rostock","status":"publish","type":"page","link":"https:\/\/www.nvt.de\/index.php\/messebau-rostock\/","title":{"rendered":"Messebau Rostock"},"content":{"rendered":"<div id='av_section_1'  class='avia-section main_color avia-section-no-padding avia-shadow av-section-color-overlay-active avia-bg-style-fixed  avia-builder-el-0  el_before_av_section  avia-builder-el-first   av-medium-hide av-small-hide av-mini-hide av-minimum-height av-minimum-height-custom  container_wrap fullsize' style='background-repeat: no-repeat; background-image: url(https:\/\/www.nvt.de\/wp-content\/uploads\/messebau-rostock.jpg);background-attachment: fixed; background-position: top center;  '  data-section-bg-repeat='no-repeat'><div class='av-section-color-overlay-wrap'><div class='av-section-color-overlay' style='opacity: 0.4; background-color: #000000; '><\/div><div class='container' style='height:600px'><main  role=\"main\" itemprop=\"mainContentOfPage\"  class='template-page content  av-content-full alpha units'><div class='post-entry post-entry-type-page post-entry-782'><div class='entry-content-wrapper clearfix'>\n<\/div><\/div><\/main><!-- close content main element --><\/div><div class='av-extra-border-element border-extra-diagonal  '><div class='av-extra-border-outer'><div class='av-extra-border-inner'  style='background-color:#ffffff;' ><\/div><\/div><\/div><\/div><\/div><div id='av_section_2'  class='avia-section main_color avia-section-default avia-no-border-styling avia-bg-style-scroll  avia-builder-el-1  el_after_av_section  el_before_av_section   container_wrap fullsize' style='background-color: #ffffff;  '  ><div class='container' ><div class='template-page content  av-content-full alpha units'><div class='post-entry post-entry-type-page post-entry-782'><div class='entry-content-wrapper clearfix'>\n<div class=\"flex_column av_one_full  av-break-at-tablet flex_column_div av-zero-column-padding first  avia-builder-el-2  el_before_av_hr  avia-builder-el-first  \" style='border-radius:0px; '><div  style='padding-bottom:10px; font-size:35px;' class='av-special-heading av-special-heading-h1  blockquote modern-quote  avia-builder-el-3  avia-builder-el-no-sibling  av-inherit-size '><h1 class='av-special-heading-tag  av-small-font-size-overwrite av-small-font-size-20 av-mini-font-size-overwrite av-mini-font-size-20'  itemprop=\"headline\"  >Messen- und Spezialmessenbau<\/h1><div class='special-heading-border'><div class='special-heading-inner-border' ><\/div><\/div><\/div><\/div><div  style=' margin-top:20px; margin-bottom:30px;'  class='hr hr-custom hr-left hr-icon-no   avia-builder-el-4  el_after_av_one_full  el_before_av_one_full '><span class='hr-inner   inner-border-av-border-fat' style=' width:100px; border-color:#b80707;' ><span class='hr-inner-style'><\/span><\/span><\/div>\n<div class=\"flex_column av_one_full  flex_column_div first  avia-builder-el-5  el_after_av_hr  avia-builder-el-last  \" style='padding:15px; border-radius:5px; '><section class=\"av_textblock_section \"  itemscope=\"itemscope\" itemtype=\"https:\/\/schema.org\/CreativeWork\" ><div class='avia_textblock  '   itemprop=\"text\" ><p>Durch eine professionelle Ausstattung und durch unsere erfahrenen Monteure und Bauleiter k\u00f6nnen wir die qualitativ einwandfreie und termingerechte \u00dcbergabe von Messest\u00e4nden jeder Gr\u00f6\u00dfe und Bauart garantieren. Unser Leistungsspektrum umfasst somit auch die \u00dcbernahme von Komplettmontagen von Messest\u00e4nden inklusive aller dabei relevanten Gewerke.<\/p>\n<p>Die Qualit\u00e4t unserer Beratung, Planung und Umsetzung basiert auf der Zusammenstellung unseres eingespielten Teams.<\/p>\n<\/div><\/section><\/div>\n\n<\/div><\/div><\/div><!-- close content main div --><\/div><\/div><div id='av_section_3'  class='avia-section main_color avia-section-default avia-no-border-styling av-section-color-overlay-active avia-bg-style-scroll  avia-builder-el-7  el_after_av_section  el_before_av_section   av-small-hide av-mini-hide av-minimum-height av-minimum-height-custom  container_wrap fullsize' style='background-repeat: no-repeat; background-image: url(https:\/\/www.nvt.de\/wp-content\/uploads\/messebau.jpg);background-attachment: scroll; background-position: top center;  '  data-section-bg-repeat='no-repeat'><div class='av-section-color-overlay-wrap'><div class='av-section-color-overlay' style='opacity: 0.5; background-color: #000000; '><\/div><div class='container' style='height:490px'><div class='template-page content  av-content-full alpha units'><div class='post-entry post-entry-type-page post-entry-782'><div class='entry-content-wrapper clearfix'>\n<div class=\"flex_column av_two_third  flex_column_div av-zero-column-padding first  avia-builder-el-8  el_before_av_one_third  avia-builder-el-first  \" style='border-radius:0px; '><section class=\"av_textblock_section \"  itemscope=\"itemscope\" itemtype=\"https:\/\/schema.org\/CreativeWork\" ><div class='avia_textblock  av_inherit_color '  style='color:#ffffff; '  itemprop=\"text\" ><p><strong>Beispiel f\u00fcr Spezialmessebau der NVT Veranstaltungs GmbH gemeinsam mit Partnern:<\/strong><br \/>\nB\u00fchnenbau, Dekobeleuchtung der ganzen Halle, Stromverteilung f\u00fcr alle Messest\u00e4nde Ausstellungshalle des Landes Mecklenburg-Vorpommern auf der Gr\u00fcnen Woche in Berlin<\/p>\n<\/div><\/section><\/div><div class=\"flex_column av_one_third  flex_column_div av-zero-column-padding   avia-builder-el-10  el_after_av_two_third  avia-builder-el-last  \" style='border-radius:0px; '><\/div>\n\n<\/div><\/div><\/div><!-- close content main div --><\/div><div class='av-extra-border-element border-extra-diagonal  '><div class='av-extra-border-outer'><div class='av-extra-border-inner' ><\/div><\/div><\/div><\/div><\/div><div id='av_section_4'  class='avia-section main_color avia-section-default avia-no-shadow avia-bg-style-scroll  avia-builder-el-11  el_after_av_section  el_before_av_section   container_wrap fullsize' style=' '  ><div class='container' ><div class='template-page content  av-content-full alpha units'><div class='post-entry post-entry-type-page post-entry-782'><div class='entry-content-wrapper clearfix'>\n<div class=\"flex_column av_one_full  av-break-at-tablet flex_column_div av-zero-column-padding first  avia-builder-el-12  el_before_av_hr  avia-builder-el-first  \" style='border-radius:0px; '><div  style='padding-bottom:10px; font-size:35px;' class='av-special-heading av-special-heading-h2  blockquote modern-quote  avia-builder-el-13  avia-builder-el-no-sibling  av-inherit-size '><h2 class='av-special-heading-tag  av-small-font-size-overwrite av-small-font-size-20 av-mini-font-size-overwrite av-mini-font-size-20'  itemprop=\"headline\"  >Wir realisieren f\u00fcr Sie:<\/h2><div class='special-heading-border'><div class='special-heading-inner-border' ><\/div><\/div><\/div><\/div><div  style=' margin-top:20px; margin-bottom:30px;'  class='hr hr-custom hr-left hr-icon-no   avia-builder-el-14  el_after_av_one_full  el_before_av_one_full '><span class='hr-inner   inner-border-av-border-fat' style=' width:100px; border-color:#b80707;' ><span class='hr-inner-style'><\/span><\/span><\/div>\n<div class=\"flex_column av_one_full  av-break-at-tablet flex_column_div first  avia-builder-el-15  el_after_av_hr  avia-builder-el-last  \" style='padding:15px; background-color:rgba(255,255,255,0.61); border-radius:5px; '><div  class='avia-icon-list-container   avia-builder-el-16  avia-builder-el-no-sibling '><ul class='avia-icon-list avia-icon-list-left av-iconlist-big avia_animate_when_almost_visible avia-iconlist-animate'>\n<li><div  style='background-color:#b02b2c; ' class='iconlist_icon  avia-font-entypo-fontello'><span class='iconlist-char ' aria-hidden='true' data-av_icon='\ue833' data-av_iconfont='entypo-fontello'><\/span><\/div><article class=\"article-icon-entry av-iconlist-empty\"  itemscope=\"itemscope\" itemtype=\"https:\/\/schema.org\/CreativeWork\" ><div class='iconlist_content_wrap'><header class=\"entry-content-header\"><h4 class='av_iconlist_title iconlist_title   '  itemprop=\"headline\"  >Messest\u00e4nde, Beleuchtung, Teppichboden<\/h4><\/header><div class='iconlist_content  '  itemprop=\"text\"  ><\/div><\/div><footer class=\"entry-footer\"><\/footer><\/article><div class='iconlist-timeline'><\/div><\/li>\n<li><div  style='background-color:#b02b2c; ' class='iconlist_icon  avia-font-entypo-fontello'><span class='iconlist-char ' aria-hidden='true' data-av_icon='\ue833' data-av_iconfont='entypo-fontello'><\/span><\/div><article class=\"article-icon-entry av-iconlist-empty\"  itemscope=\"itemscope\" itemtype=\"https:\/\/schema.org\/CreativeWork\" ><div class='iconlist_content_wrap'><header class=\"entry-content-header\"><h4 class='av_iconlist_title iconlist_title   '  itemprop=\"headline\"  >Spezialanfertigungen, Tische, Tresen, St\u00fchle<\/h4><\/header><div class='iconlist_content  '  itemprop=\"text\"  ><\/div><\/div><footer class=\"entry-footer\"><\/footer><\/article><div class='iconlist-timeline'><\/div><\/li>\n<li><div  style='background-color:#b02b2c; ' class='iconlist_icon  avia-font-entypo-fontello'><span class='iconlist-char ' aria-hidden='true' data-av_icon='\ue833' data-av_iconfont='entypo-fontello'><\/span><\/div><article class=\"article-icon-entry av-iconlist-empty\"  itemscope=\"itemscope\" itemtype=\"https:\/\/schema.org\/CreativeWork\" ><div class='iconlist_content_wrap'><header class=\"entry-content-header\"><h4 class='av_iconlist_title iconlist_title   '  itemprop=\"headline\"  > Ton- und Videotechnik f\u00fcr Messepr\u00e4sentationen<\/h4><\/header><div class='iconlist_content  '  itemprop=\"text\"  ><\/div><\/div><footer class=\"entry-footer\"><\/footer><\/article><div class='iconlist-timeline'><\/div><\/li>\n<li><div  style='background-color:#b02b2c; ' class='iconlist_icon  avia-font-entypo-fontello'><span class='iconlist-char ' aria-hidden='true' data-av_icon='\ue833' data-av_iconfont='entypo-fontello'><\/span><\/div><article class=\"article-icon-entry av-iconlist-empty\"  itemscope=\"itemscope\" itemtype=\"https:\/\/schema.org\/CreativeWork\" ><div class='iconlist_content_wrap'><header class=\"entry-content-header\"><h4 class='av_iconlist_title iconlist_title   '  itemprop=\"headline\"  > Displays, Aufsteller, Plakate<\/h4><\/header><div class='iconlist_content  '  itemprop=\"text\"  ><\/div><\/div><footer class=\"entry-footer\"><\/footer><\/article><div class='iconlist-timeline'><\/div><\/li>\n<\/ul><\/div><\/div><\/div><\/div><\/div><!-- close content main div --><\/div><\/div><div id='av_section_5'  class='avia-section main_color avia-section-large avia-no-border-styling avia-bg-style-scroll  avia-builder-el-17  el_after_av_section  avia-builder-el-last   container_wrap fullsize' style='background-color: #ffffff;  '  ><div class='container' ><div class='template-page content  av-content-full alpha units'><div class='post-entry post-entry-type-page post-entry-782'><div class='entry-content-wrapper clearfix'>\n<div class=\"flex_column av_one_full  flex_column_div av-zero-column-padding first  avia-builder-el-18  avia-builder-el-no-sibling  \" style='border-radius:0px; '><form action=\"https:\/\/www.nvt.de\/index.php\/messebau-rostock\/\" method=\"post\"  class=\"avia_ajax_form av-form-labels-visible   avia-builder-el-19  avia-builder-el-no-sibling   \" data-avia-form-id=\"1\" data-avia-redirect='' ><h3 class=''>Was k\u00f6nnen wir f\u00fcr Sie tun?<\/h3><fieldset><p class=' first_form  form_element form_fullwidth' id='element_avia_1_1'><label for=\"avia_1_1\">Anrede <abbr class=\"required\" title=\"ben\u00f6tigt\">*<\/abbr><\/label> <select  name=\"avia_1_1\" class=\"select is_empty\" id=\"avia_1_1\"><option  value ='Bitte w\u00e4hlen Sie'>Bitte w\u00e4hlen Sie<\/option><option  value ='Frau'>Frau<\/option><option  value ='Herr'>Herr<\/option><\/select><\/p><p class=' first_form  form_element form_fullwidth' id='element_avia_2_1'><label for=\"avia_2_1\">Ihr Name <abbr class=\"required\" title=\"ben\u00f6tigt\">*<\/abbr><\/label> <input name=\"avia_2_1\" class=\"text_input is_empty\" type=\"text\" id=\"avia_2_1\" value=\"\" \/><\/p><p class=' first_form  form_element form_fullwidth' id='element_avia_3_1'><label for=\"avia_3_1\">Unternehmen<\/label> <input name=\"avia_3_1\" class=\"text_input \" type=\"text\" id=\"avia_3_1\" value=\"\" \/><\/p><p class=' first_form  form_element form_fullwidth' id='element_avia_4_1'><label for=\"avia_4_1\">Ihre Telefonnummer (optional)<\/label> <input name=\"avia_4_1\" class=\"text_input \" type=\"text\" id=\"avia_4_1\" value=\"\" \/><\/p><p class=' first_form  form_element form_fullwidth' id='element_avia_5_1'><label for=\"avia_5_1\">E-Mail <abbr class=\"required\" title=\"ben\u00f6tigt\">*<\/abbr><\/label> <input name=\"avia_5_1\" class=\"text_input is_email\" type=\"text\" id=\"avia_5_1\" value=\"\" \/><\/p><p class=' first_form  form_element form_fullwidth' id='element_avia_6_1'><label for=\"avia_6_1\">Betreff <abbr class=\"required\" title=\"ben\u00f6tigt\">*<\/abbr><\/label> <input name=\"avia_6_1\" class=\"text_input is_empty\" type=\"text\" id=\"avia_6_1\" value=\"\" \/><\/p><p class=' first_form  form_element form_fullwidth' id='element_avia_7_1'>\t <label for=\"avia_7_1\" class=\"textare_label hidden textare_label_avia_7_1\">Ihre Nachricht oder Anfrage<\/label>\t <textarea  name=\"avia_7_1\" class=\"text_area \" cols=\"40\" rows=\"7\" id=\"avia_7_1\" ><\/textarea><\/p><div id='avia_8_1' class='av-form-text'><p>\nIch stimme zu, dass meine Angaben aus dem Kontaktformular zur Beantwortung meiner Anfrage erhoben und verarbeitet werden. Die Daten werden nach abgeschlossener Bearbeitung Ihrer Anfrage gel\u00f6scht. Detaillierte Informationen zum Umgang mit Nutzerdaten finden Sie in unserer <a href=\"https:\/\/www.nvt.de\/index.php\/datenschutzerklaerung\/\" target=\"_blank\" rel=\"noopener\">Datenschutzerkl\u00e4rung.<\/a><\/p>\n<\/div><p class=' first_form  form_element form_fullwidth' id='element_avia_9_1'>    <input  name=\"avia_9_1\" class=\"input_checkbox is_empty\" type=\"checkbox\" id=\"avia_9_1\" value=\"true\"\/><label class=\"input_checkbox_label\" for=\"avia_9_1\">Ich aktzeptiere Ihre Datenschutzerkl\u00e4rung. <abbr class=\"required\" title=\"ben\u00f6tigt\">*<\/abbr><\/label><\/p><p class=\"hidden\"><input type=\"text\" name=\"avia_10_1\" class=\"hidden \" id=\"avia_10_1\" value=\"\" \/><\/p><p class='   form_element form_fullwidth' id='element_avia_11_1'>    <span class='value_verifier_label'>0 + 3 = ?<\/span>    <input name=\"avia_11_1_verifier\" type=\"hidden\" id=\"avia_11_1_verifier\" value=\"176251437\"\/><label for=\"avia_11_1\">Bitte l\u00f6se die Gleichung. Diese Ma\u00dfnahme dient der Abwehr von Spam <abbr class=\"required\" title=\"ben\u00f6tigt\">*<\/abbr><\/label>    <input name=\"avia_11_1\" class=\"text_input captcha\" type=\"text\" id=\"avia_11_1\" value=\"\"\/><\/p><p class=\"form_element \"><input type=\"hidden\" value=\"1\" name=\"avia_generated_form1\" \/><input type=\"submit\" value=\"Senden\" class=\"button\"  data-sending-label=\"Sende\"\/><\/p><\/fieldset><div class=\"avia-disabled-forn\">This contact form is deactivated because you refused to accept Google reCaptcha service which is necessary to validate any messages sent by the form.<\/div><\/form><div id=\"ajaxresponse_1\" class=\"ajaxresponse ajaxresponse_1 hidden\"><\/div><\/div>\n<\/p>\n","protected":false},"excerpt":{"rendered":"","protected":false},"author":2,"featured_media":0,"parent":0,"menu_order":0,"comment_status":"closed","ping_status":"closed","template":"","meta":[],"_links":{"self":[{"href":"https:\/\/www.nvt.de\/index.php\/wp-json\/wp\/v2\/pages\/782"}],"collection":[{"href":"https:\/\/www.nvt.de\/index.php\/wp-json\/wp\/v2\/pages"}],"about":[{"href":"https:\/\/www.nvt.de\/index.php\/wp-json\/wp\/v2\/types\/page"}],"author":[{"embeddable":true,"href":"https:\/\/www.nvt.de\/index.php\/wp-json\/wp\/v2\/users\/2"}],"replies":[{"embeddable":true,"href":"https:\/\/www.nvt.de\/index.php\/wp-json\/wp\/v2\/comments?post=782"}],"version-history":[{"count":16,"href":"https:\/\/www.nvt.de\/index.php\/wp-json\/wp\/v2\/pages\/782\/revisions"}],"predecessor-version":[{"id":802,"href":"https:\/\/www.nvt.de\/index.php\/wp-json\/wp\/v2\/pages\/782\/revisions\/802"}],"wp:attachment":[{"href":"https:\/\/www.nvt.de\/index.php\/wp-json\/wp\/v2\/media?parent=782"}],"curies":[{"name":"wp","href":"https:\/\/api.w.org\/{rel}","templated":true}]}}